{"id":7618,"date":"2023-04-22T08:48:45","date_gmt":"2023-04-22T06:48:45","guid":{"rendered":"https:\/\/gabdesign.it\/?post_type=product&#038;p=7618"},"modified":"2026-02-27T17:59:41","modified_gmt":"2026-02-27T16:59:41","slug":"scarpe-antinfortunistiche-sir-maia","status":"publish","type":"product","link":"https:\/\/gabdesign.it\/?product=scarpe-antinfortunistiche-sir-maia","title":{"rendered":"Sir Maia S3S &#8211; Scarpe antinfortunistiche linea Responder"},"content":{"rendered":"<div style=\"width: 600px;\" class=\"wp-video\"><video class=\"wp-video-shortcode\" id=\"video-7618-1\" width=\"600\" height=\"338\" preload=\"metadata\" controls=\"controls\"><source type=\"video\/mp4\" src=\"https:\/\/gabdesign.it\/wp-content\/uploads\/2023\/04\/SIR-FUTURE-SCARPE-ANTINFORTUNISTCHE-Sir-Safety-System.mp4?_=1\" \/><a href=\"https:\/\/gabdesign.it\/wp-content\/uploads\/2023\/04\/SIR-FUTURE-SCARPE-ANTINFORTUNISTCHE-Sir-Safety-System.mp4\">https:\/\/gabdesign.it\/wp-content\/uploads\/2023\/04\/SIR-FUTURE-SCARPE-ANTINFORTUNISTCHE-Sir-Safety-System.mp4<\/a><\/video><\/div>\n<p>Caratteristiche principali:<br \/>\n&#8211; La tecnologia brevettata RESPONDER utilizzata nell&#8217;intersuola e nel plantare offre un&#8217;eccezionale ammortizzazione reattiva, estrema leggerezza e flessibilit\u00e0 su tutta la superficie del piede, assicurando ottime prestazioni anche dopo un uso prolungato ed intenso.<br \/>\n&#8211; Inserti riflettenti iridescenti prismatici ad alta intensit\u00e0 per una maggiore visibilit\u00e0 in condizioni di scarsa luminosit\u00e0.<br \/>\n&#8211; Lo stabilizzatore del tallone previene l&#8217;affaticamento del piede e ne migliora la stabilit\u00e0.<br \/>\n&#8211; Lo spunterbo in zona punta protegge la calzatura dagli urti.<br \/>\n&#8211; Il sistema di allacciamento rapido &#8220;Faster&#8221; permette di regolarne la vestibilit\u00e0 in maniera perfetta, rendendo l&#8217;allacciatura pi\u00f9 omogenea e mantenendo la tensione costante nel tempo.<\/p>\n<p>Il prodotto \u00e8 stato progettato e realizzato per essere conforme al Regolamento (UE) 2016\/425 e successive modifiche.<\/p>\n<p>&nbsp;<\/p>\n","protected":false},"excerpt":{"rendered":"<p>Calzatura bassa dal design ultra dinamico con puntale in alluminio e lamina in composito dallo spessore costante di 4 mm. Dotata ditomaia in maglia mesh con sistema di allacciamento rapido &#8220;Faster&#8221; e inserti in reflex. La suola in E-TPU Responder\/Gomma dona allacalzatura un ottimo effetto elastico ed ammortizzante: l&#8217;intersuola in poliuretano espanso a cellule chiuse si estende su tutta la pianta del piede assicurando flessibilit\u00e0 ed un&#8217;ammortizzazione reattiva integrale. Il battistrada in gomma, grazie alle profonde scanalature longitudinali, accentua la flessibilit\u00e0 della suola ed assicura un&#8217;aderenza superiore su qualsiasi tipo di superficie. Antiscivolo di grado SRC.<br \/>\nIl plantare RESPONDER \u00e8 composto da una mescola che unisce migliaia di particelle E-TPU dotate di altissima elasticit\u00e0 e resilienza. Foderato e forato nella zona pianta con notevoli propriet\u00e0 anti-shock. Antistatico.<br \/>\nLa fodera in mesh poliestere, ha un alto potere drenante grazie all\u2019alta capacit\u00e0 assorbente del suo tessuto e della sua struttura.<\/p>\n","protected":false},"featured_media":7691,"comment_status":"open","ping_status":"closed","template":"","meta":{"inline_featured_image":false},"product_cat":[80],"product_tag":[],"class_list":{"0":"post-7618","1":"product","2":"type-product","3":"status-publish","4":"has-post-thumbnail","6":"product_brand-sir-safety","7":"product_cat-scarpe-antinfortunistica","9":"first","10":"instock","11":"taxable","12":"shipping-taxable","13":"purchasable","14":"product-type-variable","15":"has-default-attributes"},"aioseo_notices":[],"jetpack_sharing_enabled":true,"_links":{"self":[{"href":"https:\/\/gabdesign.it\/index.php?rest_route=\/wp\/v2\/product\/7618","targetHints":{"allow":["GET"]}}],"collection":[{"href":"https:\/\/gabdesign.it\/index.php?rest_route=\/wp\/v2\/product"}],"about":[{"href":"https:\/\/gabdesign.it\/index.php?rest_route=\/wp\/v2\/types\/product"}],"replies":[{"embeddable":true,"href":"https:\/\/gabdesign.it\/index.php?rest_route=%2Fwp%2Fv2%2Fcomments&post=7618"}],"version-history":[{"count":10,"href":"https:\/\/gabdesign.it\/index.php?rest_route=\/wp\/v2\/product\/7618\/revisions"}],"predecessor-version":[{"id":8747,"href":"https:\/\/gabdesign.it\/index.php?rest_route=\/wp\/v2\/product\/7618\/revisions\/8747"}],"wp:featuredmedia":[{"embeddable":true,"href":"https:\/\/gabdesign.it\/index.php?rest_route=\/wp\/v2\/media\/7691"}],"wp:attachment":[{"href":"https:\/\/gabdesign.it\/index.php?rest_route=%2Fwp%2Fv2%2Fmedia&parent=7618"}],"wp:term":[{"taxonomy":"product_cat","embeddable":true,"href":"https:\/\/gabdesign.it\/index.php?rest_route=%2Fwp%2Fv2%2Fproduct_cat&post=7618"},{"taxonomy":"product_tag","embeddable":true,"href":"https:\/\/gabdesign.it\/index.php?rest_route=%2Fwp%2Fv2%2Fproduct_tag&post=7618"}],"curies":[{"name":"wp","href":"https:\/\/api.w.org\/{rel}","templated":true}]}}