{"id":1606,"date":"2018-10-17T04:10:57","date_gmt":"2018-10-17T02:10:57","guid":{"rendered":"https:\/\/demo2wpopal.b-cdn.net\/striz\/?page_id=1606"},"modified":"2023-04-24T19:35:37","modified_gmt":"2023-04-24T17:35:37","slug":"payment-method","status":"publish","type":"page","link":"https:\/\/gabdesign.it\/?page_id=1606","title":{"rendered":"Tempi e costi di spedizione"},"content":{"rendered":"\t\t<div data-elementor-type=\"wp-post\" data-elementor-id=\"1606\" class=\"elementor elementor-1606\">\n\t\t\t\t\t\t<section class=\"elementor-section elementor-top-section elementor-element elementor-element-2ceda2f elementor-section-boxed elementor-section-height-default elementor-section-height-default\" data-id=\"2ceda2f\" data-element_type=\"section\" data-e-type=\"section\">\n\t\t\t\t\t\t<div class=\"elementor-container elementor-column-gap-default\">\n\t\t\t\t\t<div class=\"elementor-column elementor-col-100 elementor-top-column elementor-element elementor-element-174ac5f\" data-id=\"174ac5f\" data-element_type=\"column\" data-e-type=\"column\">\n\t\t\t<div class=\"elementor-widget-wrap elementor-element-populated\">\n\t\t\t\t\t\t<div class=\"elementor-element elementor-element-15ccc63 elementor-widget elementor-widget-text-editor\" data-id=\"15ccc63\" data-element_type=\"widget\" data-e-type=\"widget\" data-widget_type=\"text-editor.default\">\n\t\t\t\t<div class=\"elementor-widget-container\">\n\t\t\t\t\t        <div class=\"elementor-text-editor elementor-clearfix\"><h2>Tempi e costi di spedizione<\/h2>\n<h3>Tempistiche<\/h3>\n<p>La spedizione viene effettuata solitamente entro 24\/48 ore dalla ricezione del pagamento. Per le spedizioni in Sicilia, Sardegna e Calabria \u00e8 possibile che le tempistiche si allunghino fino a 72 ore.<br \/>Qualora il Cliente avesse particolari urgenze nel ricevere la merce pu\u00f2 contattare il Servizio Clienti al numero 0874.482332, per concordare diverse modalit\u00e0 e tempistiche di spedizione.<br \/>Dalle tempistiche di spedizione sopra citate sono esclusi tutti quei prodotti che si trovano temporaneamente in rifornimento. In questo specifico caso \u00e8 necessario attendere che il produttore invii la nuova fornitura, che provvederemo a spedire al Cliente non appena verr\u00e0 ricevuta in magazzino, con le modalit\u00e0 ed i tempi indicati precedentemente.<br \/>I tempi di riordino possono andare da 24 ore a 10 giorni lavorativi, a seconda dell&#8217;azienda produttrice.<br \/>A spedizione avvenuta ti sar\u00e0 comunicato tramite email il cambio di stato del tuo ordine. Troverai il numero di tracciatura segnato nel tuo account vicino allo stato del tuo ordine, o potrai richiederlo direttamente via email. Con il tracking number \u00e8 possibile monitorare lo stato della spedizione direttamente dal sito del corriere. Notare che, alcune volte, lo stato dell&#8217;ordine non sar\u00e0 aggiornato prima di un alcune d&#8217;ore dalla presa in carico del pacco da parte del corriere, pertanto non \u00e8 detto che le informazioni visibili fin da subito siano veritiere.<br \/>A seguito di un ordine, il sistema invier\u00e0 via email un riepilogo d&#8217;ordine, contenente i prodotti acquistati e le modalit\u00e0 scelte. Ad ogni riepilogo d&#8217;ordine corrisponde un numero d&#8217;ordine, utile per rintracciare l&#8217;ordine sul sito.<br \/>Attenzione: il numero d&#8217;ordine non \u00e8 il tracking number, e non serve per seguire la tracciatura del pacco.<br \/>Il riepilogo d&#8217;ordine non \u00e8 una fattura e non \u00e8 valido come documento fiscale. La fattura va specificatamente richiesta compilando i campi preposti e dichiarando il proprio codice fiscale o partita IVA.<\/p>\n<h3>Costi<\/h3>\n<p>Tutti i prezzi presenti sul nostro portale sono indicati IVA 22% inclusa.<br \/>La tariffa di spedizione standard ammonta a 7,90 \u20ac IVA inclusa, a prescindere dall&#8217;entit\u00e0 dell&#8217;acquisto.<br \/>La tariffa di spedizione standard per le isole e la Calabria ammonta a 11,20 \u20ac IVA inclusa, a prescindere dall&#8217;entit\u00e0 dell&#8217;acquisto. <br \/>Nel caso in cui si desideri concordare una spedizione, \u00e8 necessario contattare l&#8217;ufficio al numero 0874.482332.<br \/>Gabdesign.it effettua spedizioni solo in Italia.<\/p>\n<h3>Modalit\u00e0 di spedizione<\/h3>\n<p>Confezionamento<br \/>Gli ordini vengono generalmente evasi alle ore 14:00 dal luned\u00ec al venerd\u00ec, dopodich\u00e9 i prodotti vengono confezionati e spediti entro le ore 15:00 circa. Da questo momento i pacchi vengono presi in carico dal corriere e consegnati secondo tempi e modalit\u00e0 descritti precedentemente.<br \/>I costi di spedizione vengono applicati una volta per ogni singolo ordine, pertanto cercheremo di confezionare i prodotti richiesti in un solo pacco. Per lo stesso motivo \u00e8 consigliabile raggruppare tutti i prodotti desiderati con un unico ordine per evitare che vengano addebitate le spese di spedizione pi\u00f9 di una volta.<br \/>I prodotti vengono confezionati all&#8217;interno di buste o scatole di cartone, a seconda di quale delle due \u00e8 pi\u00f9 indicata. Le scatole hanno dimensione sufficientemente ampia e i prodotti pi\u00f9 fragili saranno imballati adeguatamente.<br \/>Le scatole che utilizziamo per imballare i prodotti possono essere riciclate.<br \/>I prodotti saranno inseriti nella scatola da inviare (o nella busta) ancora inseriti nella confezione originale del produttore. In alcuni casi, \u00e8 possibile che i prodotti vengano riconfezionati da noi.<br \/>Questo non significa che i prodotti siano usati, ma semplicemente che talvolta alcuni campioni vengano aperti per una verifica dell&#8217;integrit\u00e0, per esempio dovuta al transito dal produttore al nostro magazzino.<br \/>In alcuni casi, possiamo confezionare singolarmente prodotti che ci vengono inviati in buste contenenti molti pezzi. In tal caso ci risulta impossibile utilizzare la confezione originale del produttore.<br \/>Attenzione: dispositivi come concentratori di ossigeno e CPAP saranno sempre aperti e controllati da noi prima dell&#8217;invio, per verificare funzionamento e impostazioni. La scatola risulter\u00e0 quindi sempre sigillata dal nostro nastro piuttosto che da quello del produttore.<\/p>\n<h3>Resi e sostituzioni<\/h3>\n<p>Ai sensi dell&#8217;art. 5 del D. lgs. 22 maggio 1999 n. 185, il Cliente pu\u00f2 sempre esercitare il diritto di recesso, restituendo un prodotto acquistato ed ottenendo il rimborso, totale o parziale.<br \/>Per usufruire del diritto di recesso \u00e8 necessario che il prodotto restituito risulti integro e sigillato nella sua confezione originale.<br \/>Il recesso deve essere effettuato entro 14 giorni solari dalla ricezione della merce presso l&#8217;indirizzo di destinazione, oltre questo termine non potremo pi\u00f9 rimborsare alcun importo.<br \/>Gabdesign.it si riserba il diritto di effettuare verifiche sul prodotto restituito, al fine di stabilire l&#8217;entit\u00e0 della cifra che \u00e8 possibile rimborsare.<br \/>Il cliente non \u00e8 obbligato a dare una spiegazione del suo reso, ma \u00e8 fortemente richiesto di farlo, al fine di accelerare le operazioni di verifica sul prodotto restituito.<br \/>La restituzione di un prodotto \u00e8 totalmente a carico del cliente.<br \/>Attenzione: si intendono escluse dal diritto di recesso tutte le spese di spedizione, pertanto non saranno rimborsate in nessun caso, a prescindere dalla situazione.<br \/>Per effettuare una sostituzione \u00e8 necessario effettuare il reso del prodotto ricevuto ed inserire un nuovo ordine relativo al prodotto che sostituisce quello reso.<\/p>\n<h3>Emissione fattura<\/h3>\n<p>In presenza di partita IVA e Ragione Sociale la fattura viene emessa automaticamente. Si prega di chiedere la fattura al momento dell&#8217;ordine, inviando i dati necessari per poterla emettere.<br \/>Nella maggior parte dei casi non sar\u00e0 pi\u00f9 possibile emettere una fattura dopo un determinato lasso di tempo dalla chiusura dell&#8217;ordine.<\/p>\n<div class=\"notranslate\" style=\"all: initial;\">\u00a0<\/div><\/div>\n        \t\t\t\t<\/div>\n\t\t\t\t<\/div>\n\t\t\t\t\t<\/div>\n\t\t<\/div>\n\t\t\t\t\t<\/div>\n\t\t<\/section>\n\t\t\t\t<\/div>\n\t\t","protected":false},"excerpt":{"rendered":"<p>Tempi e costi di spedizione Tempistiche La spedizione viene effettuata solitamente entro 24\/48 ore dalla ricezione del pagamento. Per le spedizioni in Sicilia, Sardegna e Calabria \u00e8 possibile che le tempistiche si allunghino fino a 72 ore.Qualora il Cliente avesse particolari urgenze nel ricevere la merce pu\u00f2 contattare il Servizio Clienti al numero 0874.482332, per &hellip; <\/p>\n<p class=\"link-more\"><a href=\"https:\/\/gabdesign.it\/?page_id=1606\" class=\"more-link\">Read More <span class=\"screen-reader-text\"> &#8220;Tempi e costi di spedizione&#8221;<\/span><\/a><\/p>\n","protected":false},"author":1,"featured_media":0,"parent":0,"menu_order":0,"comment_status":"closed","ping_status":"closed","template":"page-content-box.php","meta":{"inline_featured_image":false,"footnotes":""},"class_list":["post-1606","page","type-page","status-publish","hentry"],"aioseo_notices":[],"jetpack_sharing_enabled":true,"_links":{"self":[{"href":"https:\/\/gabdesign.it\/index.php?rest_route=\/wp\/v2\/pages\/1606","targetHints":{"allow":["GET"]}}],"collection":[{"href":"https:\/\/gabdesign.it\/index.php?rest_route=\/wp\/v2\/pages"}],"about":[{"href":"https:\/\/gabdesign.it\/index.php?rest_route=\/wp\/v2\/types\/page"}],"author":[{"embeddable":true,"href":"https:\/\/gabdesign.it\/index.php?rest_route=\/wp\/v2\/users\/1"}],"replies":[{"embeddable":true,"href":"https:\/\/gabdesign.it\/index.php?rest_route=%2Fwp%2Fv2%2Fcomments&post=1606"}],"version-history":[{"count":5,"href":"https:\/\/gabdesign.it\/index.php?rest_route=\/wp\/v2\/pages\/1606\/revisions"}],"predecessor-version":[{"id":7894,"href":"https:\/\/gabdesign.it\/index.php?rest_route=\/wp\/v2\/pages\/1606\/revisions\/7894"}],"wp:attachment":[{"href":"https:\/\/gabdesign.it\/index.php?rest_route=%2Fwp%2Fv2%2Fmedia&parent=1606"}],"curies":[{"name":"wp","href":"https:\/\/api.w.org\/{rel}","templated":true}]}}