{"id":15,"date":"2023-02-06T23:14:24","date_gmt":"2023-02-06T22:14:24","guid":{"rendered":"https:\/\/gabdesign.it\/?page_id=15"},"modified":"2023-04-24T19:36:33","modified_gmt":"2023-04-24T17:36:33","slug":"rimborso_reso","status":"publish","type":"page","link":"https:\/\/gabdesign.it\/?page_id=15","title":{"rendered":"Politica di rimborso e reso"},"content":{"rendered":"\t\t<div data-elementor-type=\"wp-page\" data-elementor-id=\"15\" class=\"elementor elementor-15\">\n\t\t\t\t\t\t<section class=\"elementor-section elementor-top-section elementor-element elementor-element-36f46e8e elementor-section-boxed elementor-section-height-default elementor-section-height-default\" data-id=\"36f46e8e\" data-element_type=\"section\" data-e-type=\"section\">\n\t\t\t\t\t\t<div class=\"elementor-container elementor-column-gap-default\">\n\t\t\t\t\t<div class=\"elementor-column elementor-col-100 elementor-top-column elementor-element elementor-element-2d731d21\" data-id=\"2d731d21\" data-element_type=\"column\" data-e-type=\"column\">\n\t\t\t<div class=\"elementor-widget-wrap elementor-element-populated\">\n\t\t\t\t\t\t<div class=\"elementor-element elementor-element-4411639b elementor-widget__width-initial elementor-widget elementor-widget-text-editor\" data-id=\"4411639b\" data-element_type=\"widget\" data-e-type=\"widget\" data-widget_type=\"text-editor.default\">\n\t\t\t\t<div class=\"elementor-widget-container\">\n\t\t\t\t\t        <div class=\"elementor-text-editor elementor-clearfix\"><p><\/p>\n<p><\/p>\n<p><\/p>\n<p>Politica di rimborso e reso<\/p>\n<p><\/p>\n<p><\/p>\n<p>Ai sensi della nuova Direttiva Europea 2011\/83\/Ue recepita dal decreto legislativo 21\/2014, il cliente che per qualsiasi ragione non si dovesse ritenere soddisfatto dell\u2019acquisto effettuato, ha diritto di restituire i prodotti ordinati, senza alcuna penalit\u00e0 e senza necessit\u00e0 di fornire alcune spiegazione entro 14 giorni dalla data di consegna. Per poter restituire il prodotto \u00e8 necessario contattare il servizio clienti info@gabdesign.it comunicando il tuo ripensamento.<br>Una volta pervenuta suddetta comunicazione di recesso, Gabdesign provveder\u00e0 rapidamente a comunicare al cliente le istruzioni sulla modalit\u00e0 di restituzione della merce.<br>Il cliente \u00e8 tenuto a spedire o consegnare i prodotti resi al seguente indirizzo:<br>Gabdesign&nbsp; \u2013 Via Toscana, 21\/b \u201386100 Campobasso (CB)<br>Se ritenuto idoneo, il rimborso viene effettuato entro 14 giorni dalla data di richiesta dello stesso.<br>Il diritto di recesso \u00e8 comunque sottoposto alle seguenti condizioni:<br>\u2022 il diritto si applica al prodotto acquistato nella sua interezza, non \u00e8 possibile esercitare il recesso solamente su parte del prodotto acquistato;<br>\u2022 il diritto di recesso non si applica a beni confezionati su misura o personalizzati;<br>\u2022 il bene acquistato dovr\u00e0 essere integro, non utilizzato e nella confezione originale;<br>A norma di legge, le spese di spedizioni relative alla restituzione del bene sono a carico del Cliente.<br>In caso di danneggiamento del bene durante il trasporto Gabdesign dar\u00e0 comunicazione al Cliente dell\u2019accaduto, per consentirgli di sporgere tempestivamente denuncia nei confronti del corriere da lui scelto ed ottenere il rimborso del valore del bene. In nessun caso verranno ritirati pacchi in contrassegno n\u00e9 in porto assegnato.<br>Spedizioni e Resi<br>Per la consegna degli ordine effettuati sul sito www.gabdesign.it ci avvaliamo di diversi corrieri espressi, in funzione della zona da raggiungere e dei servizi migliori offerti ed in base alle necessit\u00e0 del cliente al rispetto della qualit\u00e0 del prodotto inviato.<br>I prodotti acquistati sul sito verranno consegnati all\u2019indirizzo indicato dal Cliente durante la procedura d\u2019acquisto.<br>Raggiungeranno il domicilio del cliente nell\u2019arco delle 24\/48 ore. I tempi di evasione dell\u2019ordine vengono forniti a puro titolo indicativo, non rappresentano in nessun caso un obbligo contrattuale, e potrebbero allungarsi in funzione del numero delle richieste. In caso di assenza del cliente al momento della consegna verr\u00e0 lasciato un avviso e il cliente dovr\u00e0 provvedere personalmente a contattare nel pi\u00f9 breve tempo possibile il corriere onde concordare le modalit\u00e0 di consegna. Nessuna responsabilit\u00e0 pu\u00f2 essere imputata a Gabdesign, in caso di ritardo nell\u2019evasione dell\u2019ordine o nella consegna di quanto ordinato (art. 1510 C.C.)<br>In caso di consegna del prodotto danneggiato e visibile dall\u2019esterno non bisogna accettare la merce dal corriere e quindi comunicare tempestivamente il rifiuto al nostro servizio clienti inviando un mail a info@gabdesign.it.<br>Nel caso in cui risultasse danneggiato all\u2019apertura della confezione \u00e8 necessario documentare con foto e inviare alla mail info@gabdesign.it. richiedendone l\u2019intervento. In questo caso tutte le spese sono a carico nostro. Di volta in volta decideremo se inviare una intera nuova fornitura o integrarla solo per i prodotti danneggiati.<br>Ad ogni modo rimaniamo a disposizione alla nostra mail info@gabdesign.it. per gestire qualsiasi problematica e fare in modo che il cliente abbia la tutela che merita.<\/p>\n<p><\/p>\n<p><\/p>\n<p><\/p>\n<h3>RIMBORSO<br><\/h3>\n<p><\/p>\n<p>Come mi verr\u00e0 restituito il denaro?<\/p>\n<p>Il rimborso avviene direttamente tramite Paypal oppure con lo stesso metodo di pagamento utilizzato per l\u2019ordine.<br>Il negozio opera dall\u2019Unione Europea e tutte le transazioni, anche in valuta, vengono convertite in Euro a seguito dell\u2019avvenuto pagamento.<\/p>\n<p><\/p>\n<h3>QUANDO VERRA&#8217; ESEGUITO IL RIMBORSO?<br><\/h3>\n<p><\/p>\n<p>Il rimborso sar\u00e0 elaborato non appena si avranno le informazioni necessarie per valutare la richiesta del cliente.<br>Attenzione: se il pagamento avviene con carta di credito, i rimborsi per essere visibili sul tuo estratto conto possono richiedere alcuni giorni. Il rimborso verr\u00e0 visualizzato con la descrizione \u201cRimborso ordine #\u2026\u2026\u2026\u2026 del \u2026\u2026\u2026\u2026 Codice autorizzazione \u2026\u2026\u2026\u2026\u201d<\/p>\n<p><\/p>\n<p><\/p>\n<h3>ASSISTENZA CLIENTI<\/h3>\n<p><\/p>\n<p><\/p>\n<p>Per qualsiasi chiarimento contatta il nostro servizio clienti all\u2019indirizzo email info@gabdesign.it<\/p>\n<p><\/p>\n<p><\/p>\n<h3>DIRITTO DI RECESSO<\/h3>\n<p><\/p>\n<p><\/p>\n<p>Ai sensi della nuova Direttiva Europea 2011\/83\/Ue recepita dal decreto legislativo 21\/2014, il cliente che per qualsiasi ragione non si dovesse ritenere soddisfatto dell\u2019acquisto effettuato, ha diritto di restituire i prodotti ordinati, senza alcuna penalit\u00e0 e senza necessit\u00e0 di fornire alcune spiegazione entro 14 giorni dalla data di consegna. Per poter restituire il prodotto \u00e8 necessario contattare il servizio clienti info@gabdesign.it comunicando il tuo ripensamento.<br>Una volta pervenuta suddetta comunicazione di recesso, Gabdesign provveder\u00e0 rapidamente a comunicare al cliente le istruzioni sulla modalit\u00e0 di restituzione della merce.<br>Il cliente \u00e8 tenuto a spedire o consegnare i prodotti resi al seguente indirizzo:<\/p>\n<p>Gabdesign \u2013 Via Toscana, 21\/b \u201386100 Campobasso (CB)<\/p>\n<p>Se ritenuto idoneo, il rimborso viene effettuato entro 14 giorni dalla data di richiesta dello stesso.<br>Il diritto di recesso \u00e8 comunque sottoposto alle seguenti condizioni:<br>\u2022 il diritto si applica al prodotto acquistato nella sua interezza, non \u00e8 possibile esercitare il recesso solamente su parte del prodotto acquistato;<br>\u2022 il diritto di recesso non si applica a beni confezionati su misura o personalizzati;<br>\u2022 il bene acquistato dovr\u00e0 essere integro, non utilizzato e nella confezione originale;<br>A norma di legge, le spese di spedizioni relative alla restituzione del bene sono a carico del Cliente.<br>In caso di danneggiamento del bene durante il trasporto Gabdesign dar\u00e0 comunicazione al Cliente dell\u2019accaduto, per consentirgli di sporgere tempestivamente denuncia nei confronti del corriere da lui scelto ed ottenere il rimborso del valore del bene. In nessun caso verranno ritirati pacchi in contrassegno n\u00e9 in porto assegnato.<\/p>\n<h3>Spedizioni e Resi<\/h3>\n<p>Per la consegna degli ordine effettuati sul sito www.gabdesign.it ci avvaliamo di diversi corrieri espressi, in funzione della zona da raggiungere e dei servizi migliori offerti ed in base alle necessit\u00e0 del cliente al rispetto della qualit\u00e0 del prodotto inviato.<br>I prodotti acquistati sul sito verranno consegnati all\u2019indirizzo indicato dal Cliente durante la procedura d\u2019acquisto.<br>Raggiungeranno il domicilio del cliente nell\u2019arco delle 24\/48 ore. I tempi di evasione dell\u2019ordine vengono forniti a puro titolo indicativo, non rappresentano in nessun caso un obbligo contrattuale, e potrebbero allungarsi in funzione del numero delle richieste. In caso di assenza del cliente al momento della consegna verr\u00e0 lasciato un avviso e il cliente dovr\u00e0 provvedere personalmente a contattare nel pi\u00f9 breve tempo possibile il corriere onde concordare le modalit\u00e0 di consegna. Nessuna responsabilit\u00e0 pu\u00f2 essere imputata a Gabdesign, in caso di ritardo nell\u2019evasione dell\u2019ordine o nella consegna di quanto ordinato (art. 1510 C.C.)<br>In caso di consegna del prodotto danneggiato e visibile dall\u2019esterno non bisogna accettare la merce dal corriere e quindi comunicare tempestivamente il rifiuto al nostro servizio clienti inviando un mail a info@gabdesign.it.<br>Nel caso in cui risultasse danneggiato all\u2019apertura della confezione \u00e8 necessario documentare con foto e inviare alla mail info@gabdesign.it.<br>richiedendone l\u2019intervento. In questo caso tutte le spese sono a carico nostro. Di volta in volta decideremo se inviare una intera nuova fornitura o integrarla solo per i prodotti danneggiati.<br>Ad ogni modo rimaniamo a disposizione alla nostra mail info@gabdesign.it per gestire qualsiasi problematica e fare in modo che il cliente abbia la tutela che merita.<\/p>\n<p><\/p>\n<p><\/p>\n<div>&nbsp;<\/div>\n<div>&nbsp;<\/div><\/div>\n        \t\t\t\t<\/div>\n\t\t\t\t<\/div>\n\t\t\t\t\t<\/div>\n\t\t<\/div>\n\t\t\t\t\t<\/div>\n\t\t<\/section>\n\t\t\t\t<\/div>\n\t\t","protected":false},"excerpt":{"rendered":"<p>Politica di rimborso e reso Ai sensi della nuova Direttiva Europea 2011\/83\/Ue recepita dal decreto legislativo 21\/2014, il cliente che per qualsiasi ragione non si dovesse ritenere soddisfatto dell\u2019acquisto effettuato, ha diritto di restituire i prodotti ordinati, senza alcuna penalit\u00e0 e senza necessit\u00e0 di fornire alcune spiegazione entro 14 giorni dalla data di consegna. Per &hellip; <\/p>\n<p class=\"link-more\"><a href=\"https:\/\/gabdesign.it\/?page_id=15\" class=\"more-link\">Read More <span class=\"screen-reader-text\"> &#8220;Politica di rimborso e reso&#8221;<\/span><\/a><\/p>\n","protected":false},"author":1,"featured_media":0,"parent":0,"menu_order":0,"comment_status":"closed","ping_status":"closed","template":"","meta":{"inline_featured_image":false,"footnotes":""},"class_list":["post-15","page","type-page","status-publish","hentry"],"aioseo_notices":[],"jetpack_sharing_enabled":true,"_links":{"self":[{"href":"https:\/\/gabdesign.it\/index.php?rest_route=\/wp\/v2\/pages\/15","targetHints":{"allow":["GET"]}}],"collection":[{"href":"https:\/\/gabdesign.it\/index.php?rest_route=\/wp\/v2\/pages"}],"about":[{"href":"https:\/\/gabdesign.it\/index.php?rest_route=\/wp\/v2\/types\/page"}],"author":[{"embeddable":true,"href":"https:\/\/gabdesign.it\/index.php?rest_route=\/wp\/v2\/users\/1"}],"replies":[{"embeddable":true,"href":"https:\/\/gabdesign.it\/index.php?rest_route=%2Fwp%2Fv2%2Fcomments&post=15"}],"version-history":[{"count":10,"href":"https:\/\/gabdesign.it\/index.php?rest_route=\/wp\/v2\/pages\/15\/revisions"}],"predecessor-version":[{"id":7897,"href":"https:\/\/gabdesign.it\/index.php?rest_route=\/wp\/v2\/pages\/15\/revisions\/7897"}],"wp:attachment":[{"href":"https:\/\/gabdesign.it\/index.php?rest_route=%2Fwp%2Fv2%2Fmedia&parent=15"}],"curies":[{"name":"wp","href":"https:\/\/api.w.org\/{rel}","templated":true}]}}